{"id":259,"date":"2016-02-01T13:11:19","date_gmt":"2016-02-01T12:11:19","guid":{"rendered":"http:\/\/localhost:8056\/?page_id=259"},"modified":"2022-03-08T16:38:59","modified_gmt":"2022-03-08T15:38:59","slug":"kontakt","status":"publish","type":"page","link":"https:\/\/hmg-maschinen.de\/en\/kontakt\/","title":{"rendered":"Contact"},"content":{"rendered":"<div id=\"pl-259\"  class=\"panel-layout\" ><div id=\"pg-259-0\"  class=\"panel-grid panel-no-style\" ><div id=\"pgc-259-0-0\"  class=\"panel-grid-cell\" ><div id=\"panel-259-0-0-0\" class=\"so-panel widget widget_text panel-first-child panel-last-child\" data-index=\"0\" >\t\t\t<div class=\"textwidget\"><div class=\"contact_box\">\n   <div class=\"contact_icon\"><img src=\"\/wp-content\/uploads\/2017\/09\/icon_address.png\" width=\"41\" height=\"41\" > <\/div>\n   <div class=\"contact_headline\">Anschrift <\/div>\n   <div class=\"contact_text\"><b>HMG GmbH & Co. KG<\/b><br>\n                                              Maschinenbau, Griesbach<br>\n                                             Dingolfinger Stra\u00dfe 254<br>\n                                             94419 Reisbach (GERMANY)\n \n<\/div>\n<div style=\"clear:both;\">  <\/div>\n<p style=\"font-size: 12px; color:#cccccc; font-style: italic; padding: 30px 0 0 0;\">Durch Beschluss unseres Gemeinderates hat sich ab den 01.07.2015 unsere Hausnummer von 54 auf 254 ge\u00e4ndert! In unserem Gemeindebereich Reisbach ist die Dingolfinger Stra\u00dfe mit gleicher Hausnummer mehrmals vorhanden, dies oft zu Verwechselungen gef\u00fchrt hat!<\/p>\n<\/div>\n<div class=\"contact_box3\">\n   <div class=\"contact_headline2\">Unsere Kontaktm\u00f6glichkeiten <\/div>\n<\/div>\n<div class=\"contact_box2\">\n   <div class=\"contact_icon2\"><img src=\"\/wp-content\/uploads\/2017\/09\/icon_phone.png\" width=\"30\" height=\"30\" > <\/div>\n   <div class=\"contact_text2\"> Telefon: +49 (0) 8734 9384-0<\/div>\n<\/div>\n<div class=\"contact_box2\">\n   <div class=\"contact_icon2\"><img src=\"\/wp-content\/uploads\/2017\/09\/icon_fax.png\" width=\"30\" height=\"30\" > <\/div>\n   <div class=\"contact_text2\"> Fax: +49 (0) 8734 9384-25<\/div>\n<\/div>\n<div class=\"contact_box2\">\n   <div class=\"contact_icon2\"><img src=\"\/wp-content\/uploads\/2017\/09\/icon_mail.png\" width=\"30\" height=\"30\" > <\/div>\n   <div class=\"contact_text2\"> Email: <a href=\"mailto:info@hmg-maschinen.de\">info@hmg-maschinen.de<\/a><\/div>\n<\/div>\n<div class=\"contact_box2\">\n   <div class=\"contact_icon2\"><img src=\"\/wp-content\/uploads\/2017\/09\/icon_form.png\" width=\"30\" height=\"30\" > <\/div>\n   <div class=\"contact_text2\"><a href=\"\/kontaktformular\/\"> oder zum Kontaktformular<\/a><\/div>\n<\/div>\n<\/div><\/div>\n\t\t<\/div><\/div><\/div><div id=\"pg-259-1\"  class=\"panel-grid panel-no-style\" ><div id=\"pgc-259-1-0\"  class=\"panel-grid-cell\" ><div id=\"panel-259-1-0-0\" class=\"so-panel widget widget_sow-google-map panel-first-child panel-last-child\" data-index=\"1\" ><div class=\"so-widget-sow-google-map so-widget-sow-google-map-base\">\n<div class=\"sow-google-map-canvas\"\n     style=\"height:480px;\"\n     id=\"map-canvas-303270fa53a4b219425f3e6bf3940020\"\n     data-options=\"{&quot;address&quot;:&quot;Dingolfinger Str. 254\\n94419 Reisbach&quot;,&quot;zoom&quot;:12,&quot;mobileZoom&quot;:12,&quot;gestureHandling&quot;:&quot;greedy&quot;,&quot;disableUi&quot;:false,&quot;keepCentered&quot;:false,&quot;markerIcon&quot;:&quot;&quot;,&quot;markersDraggable&quot;:false,&quot;markerAtCenter&quot;:true,&quot;markerInfoDisplay&quot;:&quot;click&quot;,&quot;markerInfoMultiple&quot;:true,&quot;markerPositions&quot;:[{&quot;place&quot;:&quot;Dingolfinger Str. 254\\n94419 Reisbach&quot;,&quot;info&quot;:&quot;&quot;,&quot;info_selected_editor&quot;:&quot;tinymce&quot;,&quot;info_max_width&quot;:&quot;&quot;,&quot;custom_marker_icon&quot;:0}],&quot;mapName&quot;:&quot;&quot;,&quot;mapStyles&quot;:&quot;&quot;,&quot;directions&quot;:&quot;&quot;,&quot;apiKey&quot;:&quot;&quot;,&quot;breakpoint&quot;:&quot;780&quot;}\"\n     data-fallback-image=\"{&quot;img&quot;:&quot;&quot;}\"><\/div>\n<\/div><\/div><\/div><\/div><\/div>","protected":false},"excerpt":{"rendered":"<p>Anschrift HMG GmbH &#038; Co. KG Maschinenbau, Griesbach Dingolfinger Stra\u00dfe 254 94419 Reisbach (GERMANY) Durch [&hellip;]<\/p>\n","protected":false},"author":11,"featured_media":0,"parent":0,"menu_order":0,"comment_status":"closed","ping_status":"closed","template":"","meta":[],"_links":{"self":[{"href":"https:\/\/hmg-maschinen.de\/en\/wp-json\/wp\/v2\/pages\/259"}],"collection":[{"href":"https:\/\/hmg-maschinen.de\/en\/wp-json\/wp\/v2\/pages"}],"about":[{"href":"https:\/\/hmg-maschinen.de\/en\/wp-json\/wp\/v2\/types\/page"}],"author":[{"embeddable":true,"href":"https:\/\/hmg-maschinen.de\/en\/wp-json\/wp\/v2\/users\/11"}],"replies":[{"embeddable":true,"href":"https:\/\/hmg-maschinen.de\/en\/wp-json\/wp\/v2\/comments?post=259"}],"version-history":[{"count":36,"href":"https:\/\/hmg-maschinen.de\/en\/wp-json\/wp\/v2\/pages\/259\/revisions"}],"predecessor-version":[{"id":6234,"href":"https:\/\/hmg-maschinen.de\/en\/wp-json\/wp\/v2\/pages\/259\/revisions\/6234"}],"wp:attachment":[{"href":"https:\/\/hmg-maschinen.de\/en\/wp-json\/wp\/v2\/media?parent=259"}],"curies":[{"name":"wp","href":"https:\/\/api.w.org\/{rel}","templated":true}]}}