{"id":1472,"date":"2016-03-23T22:16:09","date_gmt":"2016-03-23T21:16:09","guid":{"rendered":"http:\/\/hmg-maschinen.de\/wp\/?page_id=1472"},"modified":"2024-02-26T16:41:55","modified_gmt":"2024-02-26T15:41:55","slug":"produkte","status":"publish","type":"page","link":"https:\/\/hmg-maschinen.de\/fr\/produkte\/","title":{"rendered":"(DE) \u00dcbersicht Produkte"},"content":{"rendered":"<div id=\"pl-1472\"  class=\"panel-layout\" ><div id=\"pg-1472-0\"  class=\"panel-grid panel-no-style\" ><div id=\"pgc-1472-0-0\"  class=\"panel-grid-cell\" ><div class=\"cat panel-cell-style panel-cell-style-for-1472-0-0\" ><div id=\"panel-1472-0-0-0\" class=\"so-panel widget widget_sow-editor panel-first-child panel-last-child\" data-index=\"0\" ><div class=\"so-widget-sow-editor so-widget-sow-editor-base\">\n<div class=\"siteorigin-widget-tinymce textwidget\">\n\t<p>(DE) <\/p>\n<p><a href=\"\/kreissaegen\/\">Kreiss\u00e4gen<\/a><\/p>\n<p><a href=\"\/kreissaegen\/\"><img loading=\"lazy\" class=\"alignnone wp-image-6576 size-full\" src=\"https:\/\/hmg-maschinen.de\/wp-content\/uploads\/2024\/02\/Produktkatekorie_Kreissaegen_2-22.jpg\" alt=\"\" width=\"420\" height=\"168\" srcset=\"https:\/\/hmg-maschinen.de\/wp-content\/uploads\/2024\/02\/Produktkatekorie_Kreissaegen_2-22.jpg 420w, https:\/\/hmg-maschinen.de\/wp-content\/uploads\/2024\/02\/Produktkatekorie_Kreissaegen_2-22-300x120.jpg 300w\" sizes=\"(max-width: 420px) 100vw, 420px\" \/><\/a><\/p>\n<p><a href=\"\/kreissaegen\/\"><\/p>\n<\/div>\n<\/div><\/div><\/div><\/div><div id=\"pgc-1472-0-1\"  class=\"panel-grid-cell\" ><div class=\"cat panel-cell-style panel-cell-style-for-1472-0-1\" ><div id=\"panel-1472-0-1-0\" class=\"so-panel widget widget_sow-editor panel-first-child panel-last-child\" data-index=\"1\" ><div class=\"so-widget-sow-editor so-widget-sow-editor-base\">\n<div class=\"siteorigin-widget-tinymce textwidget\">\n\t<p>(DE) <\/p>\n<p><a href=\"\/uebersicht-holzspalter\/\">Holzspalter<\/a><\/p>\n<p><a href=\"\/uebersicht-holzspalter\/\"><img loading=\"lazy\" class=\"alignnone wp-image-5701 size-full\" src=\"https:\/\/hmg-maschinen.de\/wp-content\/uploads\/2021\/04\/Produktkatekorie_Holzspalter_9-27t.jpg\" alt=\"\" width=\"420\" height=\"168\" srcset=\"https:\/\/hmg-maschinen.de\/wp-content\/uploads\/2021\/04\/Produktkatekorie_Holzspalter_9-27t.jpg 420w, https:\/\/hmg-maschinen.de\/wp-content\/uploads\/2021\/04\/Produktkatekorie_Holzspalter_9-27t-300x120.jpg 300w\" sizes=\"(max-width: 420px) 100vw, 420px\" \/><\/a><\/p>\n<p>\n<\/div>\n<\/div><\/div><\/div><\/div><\/div><div id=\"pg-1472-1\"  class=\"panel-grid panel-no-style\" ><div id=\"pgc-1472-1-0\"  class=\"panel-grid-cell\" ><div class=\"cat panel-cell-style panel-cell-style-for-1472-1-0\" ><div id=\"panel-1472-1-0-0\" class=\"so-panel widget widget_sow-editor panel-first-child panel-last-child\" data-index=\"2\" ><div class=\"so-widget-sow-editor so-widget-sow-editor-base\">\n<div class=\"siteorigin-widget-tinymce textwidget\">\n\t<p>(DE) <\/p>\n<p><a href=\"\/produkte\/produkte\/stapel-und-transportgeraete\/\">Transport- und Stapelger\u00e4te<\/a><\/p>\n<p><a href=\"https:\/\/hmg-maschinen.de\/produkte\/produkte\/stapel-und-transportgeraete\/\"><img loading=\"lazy\" class=\"alignnone wp-image-5581 size-full\" src=\"https:\/\/hmg-maschinen.de\/wp-content\/uploads\/2021\/04\/Produktkatekorie_Stapelgeraete.jpg\" alt=\"\" width=\"420\" height=\"168\" srcset=\"https:\/\/hmg-maschinen.de\/wp-content\/uploads\/2021\/04\/Produktkatekorie_Stapelgeraete.jpg 420w, https:\/\/hmg-maschinen.de\/wp-content\/uploads\/2021\/04\/Produktkatekorie_Stapelgeraete-300x120.jpg 300w\" sizes=\"(max-width: 420px) 100vw, 420px\" \/><\/a><\/p>\n<\/div>\n<\/div><\/div><\/div><\/div><div id=\"pgc-1472-1-1\"  class=\"panel-grid-cell\" ><div class=\"cat panel-cell-style panel-cell-style-for-1472-1-1\" ><div id=\"panel-1472-1-1-0\" class=\"so-panel widget widget_sow-editor panel-first-child panel-last-child\" data-index=\"3\" ><div class=\"so-widget-sow-editor so-widget-sow-editor-base\">\n<div class=\"siteorigin-widget-tinymce textwidget\">\n\t<p>(DE) <\/p>\n<p><a href=\"\/uebersicht-zubehoer-maschinen\/\">Zubeh\u00f6r Maschinen<\/a><\/p>\n<p><a href=\"https:\/\/hmg-maschinen.de\/uebersicht-zubehoer-maschinen\/\"><img loading=\"lazy\" class=\"alignnone wp-image-5564 size-full\" src=\"https:\/\/hmg-maschinen.de\/wp-content\/uploads\/2021\/04\/Produktkatekorie_Kreissaegen_Zubehoer_2.jpg\" alt=\"\" width=\"420\" height=\"168\" srcset=\"https:\/\/hmg-maschinen.de\/wp-content\/uploads\/2021\/04\/Produktkatekorie_Kreissaegen_Zubehoer_2.jpg 420w, https:\/\/hmg-maschinen.de\/wp-content\/uploads\/2021\/04\/Produktkatekorie_Kreissaegen_Zubehoer_2-300x120.jpg 300w\" sizes=\"(max-width: 420px) 100vw, 420px\" \/><\/a><\/p>\n<\/div>\n<\/div><\/div><\/div><\/div><\/div><\/div>","protected":false},"excerpt":{"rendered":"<p>(DE) Kreiss\u00e4gen (DE) Holzspalter (DE) Transport- und Stapelger\u00e4te (DE) Zubeh\u00f6r Maschinen<\/p>\n","protected":false},"author":11,"featured_media":0,"parent":0,"menu_order":0,"comment_status":"closed","ping_status":"closed","template":"","meta":[],"_links":{"self":[{"href":"https:\/\/hmg-maschinen.de\/fr\/wp-json\/wp\/v2\/pages\/1472"}],"collection":[{"href":"https:\/\/hmg-maschinen.de\/fr\/wp-json\/wp\/v2\/pages"}],"about":[{"href":"https:\/\/hmg-maschinen.de\/fr\/wp-json\/wp\/v2\/types\/page"}],"author":[{"embeddable":true,"href":"https:\/\/hmg-maschinen.de\/fr\/wp-json\/wp\/v2\/users\/11"}],"replies":[{"embeddable":true,"href":"https:\/\/hmg-maschinen.de\/fr\/wp-json\/wp\/v2\/comments?post=1472"}],"version-history":[{"count":55,"href":"https:\/\/hmg-maschinen.de\/fr\/wp-json\/wp\/v2\/pages\/1472\/revisions"}],"predecessor-version":[{"id":6584,"href":"https:\/\/hmg-maschinen.de\/fr\/wp-json\/wp\/v2\/pages\/1472\/revisions\/6584"}],"wp:attachment":[{"href":"https:\/\/hmg-maschinen.de\/fr\/wp-json\/wp\/v2\/media?parent=1472"}],"curies":[{"name":"wp","href":"https:\/\/api.w.org\/{rel}","templated":true}]}}