{"id":1901,"date":"2016-04-14T16:38:07","date_gmt":"2016-04-14T14:38:07","guid":{"rendered":"http:\/\/hmg-maschinen.de\/wp\/?page_id=1901"},"modified":"2024-02-29T13:57:25","modified_gmt":"2024-02-29T12:57:25","slug":"kreissaegen","status":"publish","type":"page","link":"https:\/\/hmg-maschinen.de\/fr\/kreissaegen\/","title":{"rendered":"(DE) \u00dcbersicht Kreiss\u00e4gen"},"content":{"rendered":"<div id=\"pl-1901\"  class=\"panel-layout\" ><div id=\"pg-1901-0\"  class=\"panel-grid panel-no-style\" ><div id=\"pgc-1901-0-0\"  class=\"panel-grid-cell\" ><div class=\"cat panel-cell-style panel-cell-style-for-1901-0-0\" ><div id=\"panel-1901-0-0-0\" class=\"so-panel widget widget_sow-editor panel-first-child panel-last-child\" data-index=\"0\" ><div class=\"so-widget-sow-editor so-widget-sow-editor-base\">\n<div class=\"siteorigin-widget-tinymce textwidget\">\n\t<p>(DE) <\/p>\n<p><a href=\"\/produkte\/produkte\/kreissaegen\/wippsaegen\/\">Wipps\u00e4gen<\/a><\/p>\n<p><a href=\"\/produkte\/produkte\/kreissaegen\/wippsaegen\/\"><img loading=\"lazy\" class=\"alignnone wp-image-6577 size-full\" src=\"https:\/\/hmg-maschinen.de\/wp-content\/uploads\/2024\/02\/Produktkatekorie_Wippkreissaegen_2-22.jpg\" alt=\"\" width=\"420\" height=\"168\" srcset=\"https:\/\/hmg-maschinen.de\/wp-content\/uploads\/2024\/02\/Produktkatekorie_Wippkreissaegen_2-22.jpg 420w, https:\/\/hmg-maschinen.de\/wp-content\/uploads\/2024\/02\/Produktkatekorie_Wippkreissaegen_2-22-300x120.jpg 300w\" sizes=\"(max-width: 420px) 100vw, 420px\" \/><\/a><\/p>\n<p>\n<\/div>\n<\/div><\/div><\/div><\/div><div id=\"pgc-1901-0-1\"  class=\"panel-grid-cell\" ><div class=\"cat panel-cell-style panel-cell-style-for-1901-0-1\" ><div id=\"panel-1901-0-1-0\" class=\"so-panel widget widget_sow-editor panel-first-child panel-last-child\" data-index=\"1\" ><div class=\"so-widget-sow-editor so-widget-sow-editor-base\">\n<div class=\"siteorigin-widget-tinymce textwidget\">\n\t<p>(DE) <\/p>\n<p><a href=\"\/produkte\/produkte\/kreissaegen\/wipp-tischsaegen\/\">Wipp-Tischs\u00e4gen<\/a><\/p>\n<p><a href=\"\/produkte\/produkte\/kreissaegen\/wipp-tischsaegen\/\"><img loading=\"lazy\" class=\"alignnone wp-image-6579 size-full\" src=\"https:\/\/hmg-maschinen.de\/wp-content\/uploads\/2024\/02\/Produktkatekorie_Wipp-Tischkreissaegen_2-22.jpg\" alt=\"\" width=\"420\" height=\"168\" srcset=\"https:\/\/hmg-maschinen.de\/wp-content\/uploads\/2024\/02\/Produktkatekorie_Wipp-Tischkreissaegen_2-22.jpg 420w, https:\/\/hmg-maschinen.de\/wp-content\/uploads\/2024\/02\/Produktkatekorie_Wipp-Tischkreissaegen_2-22-300x120.jpg 300w\" sizes=\"(max-width: 420px) 100vw, 420px\" \/><\/a><\/p>\n<p>\n<\/div>\n<\/div><\/div><\/div><\/div><\/div><div id=\"pg-1901-1\"  class=\"panel-grid panel-no-style\" ><div id=\"pgc-1901-1-0\"  class=\"panel-grid-cell\" ><div class=\"cat panel-cell-style panel-cell-style-for-1901-1-0\" ><div id=\"panel-1901-1-0-0\" class=\"so-panel widget widget_sow-editor panel-first-child panel-last-child\" data-index=\"2\" ><div class=\"so-widget-sow-editor so-widget-sow-editor-base\">\n<div class=\"siteorigin-widget-tinymce textwidget\">\n\t<p>(DE) <\/p>\n<p><a href=\"\/produkte\/produkte\/kreissaegen\/foerderbandsaegen\/\">F\u00f6rderbands\u00e4gen<\/a><br \/>\n<a href=\"\/produkte\/produkte\/kreissaegen\/foerderbandsaegen\/\"><img loading=\"lazy\" class=\"alignnone wp-image-6578 size-full\" src=\"https:\/\/hmg-maschinen.de\/wp-content\/uploads\/2024\/02\/Produktkatekorie_Wippkreissaegen_Foederband_2-22.jpg\" alt=\"\" width=\"420\" height=\"168\" srcset=\"https:\/\/hmg-maschinen.de\/wp-content\/uploads\/2024\/02\/Produktkatekorie_Wippkreissaegen_Foederband_2-22.jpg 420w, https:\/\/hmg-maschinen.de\/wp-content\/uploads\/2024\/02\/Produktkatekorie_Wippkreissaegen_Foederband_2-22-300x120.jpg 300w\" sizes=\"(max-width: 420px) 100vw, 420px\" \/><\/a><\/p>\n<p>\n<\/div>\n<\/div><\/div><\/div><\/div><div id=\"pgc-1901-1-1\"  class=\"panel-grid-cell\" ><div class=\"cat panel-cell-style panel-cell-style-for-1901-1-1\" ><div id=\"panel-1901-1-1-0\" class=\"so-panel widget widget_sow-editor panel-first-child panel-last-child\" data-index=\"3\" ><div class=\"so-widget-sow-editor so-widget-sow-editor-base\">\n<div class=\"siteorigin-widget-tinymce textwidget\">\n\t<p>(DE) <\/p>\n<p><a href=\"\/produkte\/produkte\/kreissaegen\/rolltischsaegen\/\">Rolltischs\u00e4gen<br \/>\n<\/a><a href=\"\/produkte\/produkte\/kreissaegen\/rolltischsaegen\/\"><img loading=\"lazy\" class=\"alignnone wp-image-5565 size-full\" src=\"https:\/\/hmg-maschinen.de\/wp-content\/uploads\/2021\/04\/Produktkatekorie_Rolltischreissaegen.jpg\" alt=\"\" width=\"420\" height=\"168\" srcset=\"https:\/\/hmg-maschinen.de\/wp-content\/uploads\/2021\/04\/Produktkatekorie_Rolltischreissaegen.jpg 420w, https:\/\/hmg-maschinen.de\/wp-content\/uploads\/2021\/04\/Produktkatekorie_Rolltischreissaegen-300x120.jpg 300w\" sizes=\"(max-width: 420px) 100vw, 420px\" \/><\/a><\/p>\n<p>\n<\/div>\n<\/div><\/div><\/div><\/div><\/div><div id=\"pg-1901-2\"  class=\"panel-grid panel-no-style\" ><div id=\"pgc-1901-2-0\"  class=\"panel-grid-cell\" ><div class=\"cat panel-cell-style panel-cell-style-for-1901-2-0\" ><div id=\"panel-1901-2-0-0\" class=\"so-panel widget widget_sow-editor panel-first-child panel-last-child\" data-index=\"4\" ><div class=\"so-widget-sow-editor so-widget-sow-editor-base\">\n<div class=\"siteorigin-widget-tinymce textwidget\">\n\t<p>(DE) <\/p>\n<p><a href=\"\/product\/hoehenverstellung-2\/\">Zubeh\u00f6r Kreiss\u00e4gen<\/a><\/p>\n<p><a href=\"\/product\/hoehenverstellung-2\/\"><img loading=\"lazy\" class=\"alignnone wp-image-5564 size-full\" src=\"https:\/\/hmg-maschinen.de\/wp-content\/uploads\/2021\/04\/Produktkatekorie_Kreissaegen_Zubehoer_2.jpg\" alt=\"\" width=\"420\" height=\"168\" srcset=\"https:\/\/hmg-maschinen.de\/wp-content\/uploads\/2021\/04\/Produktkatekorie_Kreissaegen_Zubehoer_2.jpg 420w, https:\/\/hmg-maschinen.de\/wp-content\/uploads\/2021\/04\/Produktkatekorie_Kreissaegen_Zubehoer_2-300x120.jpg 300w\" sizes=\"(max-width: 420px) 100vw, 420px\" \/><\/a><\/p>\n<p>\n<\/div>\n<\/div><\/div><\/div><\/div><div id=\"pgc-1901-2-1\"  class=\"panel-grid-cell\" ><div class=\"cat panel-cell-style panel-cell-style-for-1901-2-1\" ><div id=\"panel-1901-2-1-0\" class=\"so-panel widget widget_sow-editor panel-first-child panel-last-child\" data-index=\"5\" ><div class=\"so-widget-sow-editor so-widget-sow-editor-base\">\n<div class=\"siteorigin-widget-tinymce textwidget\">\n\t<p>(DE) <\/p>\n<p><a href=\"\/produkte\/kreissaegeblaetter\/\">Kreiss\u00e4gebl\u00e4tter<\/a><\/p>\n<p><a href=\"\/produkte\/kreissaegeblaetter\/\"><img loading=\"lazy\" class=\"alignnone wp-image-5563 size-full\" src=\"https:\/\/hmg-maschinen.de\/wp-content\/uploads\/2021\/04\/Produktkatekorie_Kreissaegen_Saegeblaetter.jpg\" alt=\"\" width=\"420\" height=\"168\" srcset=\"https:\/\/hmg-maschinen.de\/wp-content\/uploads\/2021\/04\/Produktkatekorie_Kreissaegen_Saegeblaetter.jpg 420w, https:\/\/hmg-maschinen.de\/wp-content\/uploads\/2021\/04\/Produktkatekorie_Kreissaegen_Saegeblaetter-300x120.jpg 300w\" sizes=\"(max-width: 420px) 100vw, 420px\" \/><\/a><\/p>\n<p>\n<\/div>\n<\/div><\/div><\/div><\/div><\/div><\/div>","protected":false},"excerpt":{"rendered":"<p>(DE) Wipps\u00e4gen (DE) Wipp-Tischs\u00e4gen (DE) F\u00f6rderbands\u00e4gen (DE) Rolltischs\u00e4gen<\/p>\n","protected":false},"author":4,"featured_media":0,"parent":0,"menu_order":0,"comment_status":"closed","ping_status":"closed","template":"","meta":[],"_links":{"self":[{"href":"https:\/\/hmg-maschinen.de\/fr\/wp-json\/wp\/v2\/pages\/1901"}],"collection":[{"href":"https:\/\/hmg-maschinen.de\/fr\/wp-json\/wp\/v2\/pages"}],"about":[{"href":"https:\/\/hmg-maschinen.de\/fr\/wp-json\/wp\/v2\/types\/page"}],"author":[{"embeddable":true,"href":"https:\/\/hmg-maschinen.de\/fr\/wp-json\/wp\/v2\/users\/4"}],"replies":[{"embeddable":true,"href":"https:\/\/hmg-maschinen.de\/fr\/wp-json\/wp\/v2\/comments?post=1901"}],"version-history":[{"count":39,"href":"https:\/\/hmg-maschinen.de\/fr\/wp-json\/wp\/v2\/pages\/1901\/revisions"}],"predecessor-version":[{"id":6627,"href":"https:\/\/hmg-maschinen.de\/fr\/wp-json\/wp\/v2\/pages\/1901\/revisions\/6627"}],"wp:attachment":[{"href":"https:\/\/hmg-maschinen.de\/fr\/wp-json\/wp\/v2\/media?parent=1901"}],"curies":[{"name":"wp","href":"https:\/\/api.w.org\/{rel}","templated":true}]}}