{"id":2304,"date":"2016-04-21T17:12:59","date_gmt":"2016-04-21T15:12:59","guid":{"rendered":"http:\/\/hmg-maschinen.de\/wp\/?page_id=2304"},"modified":"2017-09-20T15:02:10","modified_gmt":"2017-09-20T13:02:10","slug":"bedienungsanleitungen","status":"publish","type":"page","link":"https:\/\/hmg-maschinen.de\/fr\/service\/bedienungsanleitungen\/","title":{"rendered":"(DE) Bedienungsanleitungen"},"content":{"rendered":"<p class=\"qtranxs-available-languages-message qtranxs-available-languages-message-fr\">D\u00e9sol\u00e9, cet article est seulement disponible en <a href=\"https:\/\/hmg-maschinen.de\/de\/wp-json\/wp\/v2\/pages\/2304\" class=\"qtranxs-available-language-link qtranxs-available-language-link-de\" title=\"DE\">DE<\/a> et <a href=\"https:\/\/hmg-maschinen.de\/en\/wp-json\/wp\/v2\/pages\/2304\" class=\"qtranxs-available-language-link qtranxs-available-language-link-en\" title=\"EN\">Anglais Am\u00e9ricain<\/a>.<\/p>","protected":false},"excerpt":{"rendered":"<p>D\u00e9sol\u00e9, cet article est seulement disponible en DE et Anglais Am\u00e9ricain.<\/p>\n","protected":false},"author":4,"featured_media":0,"parent":287,"menu_order":0,"comment_status":"closed","ping_status":"closed","template":"","meta":[],"_links":{"self":[{"href":"https:\/\/hmg-maschinen.de\/fr\/wp-json\/wp\/v2\/pages\/2304"}],"collection":[{"href":"https:\/\/hmg-maschinen.de\/fr\/wp-json\/wp\/v2\/pages"}],"about":[{"href":"https:\/\/hmg-maschinen.de\/fr\/wp-json\/wp\/v2\/types\/page"}],"author":[{"embeddable":true,"href":"https:\/\/hmg-maschinen.de\/fr\/wp-json\/wp\/v2\/users\/4"}],"replies":[{"embeddable":true,"href":"https:\/\/hmg-maschinen.de\/fr\/wp-json\/wp\/v2\/comments?post=2304"}],"version-history":[{"count":15,"href":"https:\/\/hmg-maschinen.de\/fr\/wp-json\/wp\/v2\/pages\/2304\/revisions"}],"predecessor-version":[{"id":3677,"href":"https:\/\/hmg-maschinen.de\/fr\/wp-json\/wp\/v2\/pages\/2304\/revisions\/3677"}],"up":[{"embeddable":true,"href":"https:\/\/hmg-maschinen.de\/fr\/wp-json\/wp\/v2\/pages\/287"}],"wp:attachment":[{"href":"https:\/\/hmg-maschinen.de\/fr\/wp-json\/wp\/v2\/media?parent=2304"}],"curies":[{"name":"wp","href":"https:\/\/api.w.org\/{rel}","templated":true}]}}