{"id":2306,"date":"2016-04-21T17:25:06","date_gmt":"2016-04-21T15:25:06","guid":{"rendered":"http:\/\/hmg-maschinen.de\/wp\/?page_id=2306"},"modified":"2024-02-23T13:59:49","modified_gmt":"2024-02-23T12:59:49","slug":"bedienungsanleitungen-kreissaegen","status":"publish","type":"page","link":"https:\/\/hmg-maschinen.de\/fr\/service\/bedienungsanleitungen-kreissaegen\/","title":{"rendered":"(DE) Bedienungsanleitungen Kreiss\u00e4gen"},"content":{"rendered":"<p class=\"qtranxs-available-languages-message qtranxs-available-languages-message-fr\">D\u00e9sol\u00e9, cet article est seulement disponible en <a href=\"https:\/\/hmg-maschinen.de\/de\/wp-json\/wp\/v2\/pages\/2306\" class=\"qtranxs-available-language-link qtranxs-available-language-link-de\" title=\"DE\">DE<\/a> et <a href=\"https:\/\/hmg-maschinen.de\/en\/wp-json\/wp\/v2\/pages\/2306\" class=\"qtranxs-available-language-link qtranxs-available-language-link-en\" title=\"EN\">Anglais Am\u00e9ricain<\/a>.<\/p>","protected":false},"excerpt":{"rendered":"<p>D\u00e9sol\u00e9, cet article est seulement disponible en DE et Anglais Am\u00e9ricain.<\/p>\n","protected":false},"author":4,"featured_media":0,"parent":287,"menu_order":0,"comment_status":"closed","ping_status":"closed","template":"","meta":[],"_links":{"self":[{"href":"https:\/\/hmg-maschinen.de\/fr\/wp-json\/wp\/v2\/pages\/2306"}],"collection":[{"href":"https:\/\/hmg-maschinen.de\/fr\/wp-json\/wp\/v2\/pages"}],"about":[{"href":"https:\/\/hmg-maschinen.de\/fr\/wp-json\/wp\/v2\/types\/page"}],"author":[{"embeddable":true,"href":"https:\/\/hmg-maschinen.de\/fr\/wp-json\/wp\/v2\/users\/4"}],"replies":[{"embeddable":true,"href":"https:\/\/hmg-maschinen.de\/fr\/wp-json\/wp\/v2\/comments?post=2306"}],"version-history":[{"count":46,"href":"https:\/\/hmg-maschinen.de\/fr\/wp-json\/wp\/v2\/pages\/2306\/revisions"}],"predecessor-version":[{"id":6540,"href":"https:\/\/hmg-maschinen.de\/fr\/wp-json\/wp\/v2\/pages\/2306\/revisions\/6540"}],"up":[{"embeddable":true,"href":"https:\/\/hmg-maschinen.de\/fr\/wp-json\/wp\/v2\/pages\/287"}],"wp:attachment":[{"href":"https:\/\/hmg-maschinen.de\/fr\/wp-json\/wp\/v2\/media?parent=2306"}],"curies":[{"name":"wp","href":"https:\/\/api.w.org\/{rel}","templated":true}]}}