{"id":2394,"date":"2016-04-23T12:21:22","date_gmt":"2016-04-23T10:21:22","guid":{"rendered":"http:\/\/hmg-maschinen.de\/wp\/?page_id=2394"},"modified":"2016-07-28T16:59:19","modified_gmt":"2016-07-28T14:59:19","slug":"fragen-zum-holzspalter","status":"publish","type":"page","link":"https:\/\/hmg-maschinen.de\/fr\/service\/faq\/fragen-zum-holzspalter\/","title":{"rendered":"(DE) Fragen zum HMG Holzspalter"},"content":{"rendered":"<p class=\"qtranxs-available-languages-message qtranxs-available-languages-message-fr\">D\u00e9sol\u00e9, cet article est seulement disponible en <a href=\"https:\/\/hmg-maschinen.de\/de\/wp-json\/wp\/v2\/pages\/2394\" class=\"qtranxs-available-language-link qtranxs-available-language-link-de\" title=\"DE\">DE<\/a> et <a href=\"https:\/\/hmg-maschinen.de\/en\/wp-json\/wp\/v2\/pages\/2394\" class=\"qtranxs-available-language-link qtranxs-available-language-link-en\" title=\"EN\">Anglais Am\u00e9ricain<\/a>.<\/p>","protected":false},"excerpt":{"rendered":"<p>D\u00e9sol\u00e9, cet article est seulement disponible en DE et Anglais Am\u00e9ricain.<\/p>\n","protected":false},"author":4,"featured_media":0,"parent":529,"menu_order":0,"comment_status":"closed","ping_status":"closed","template":"","meta":[],"_links":{"self":[{"href":"https:\/\/hmg-maschinen.de\/fr\/wp-json\/wp\/v2\/pages\/2394"}],"collection":[{"href":"https:\/\/hmg-maschinen.de\/fr\/wp-json\/wp\/v2\/pages"}],"about":[{"href":"https:\/\/hmg-maschinen.de\/fr\/wp-json\/wp\/v2\/types\/page"}],"author":[{"embeddable":true,"href":"https:\/\/hmg-maschinen.de\/fr\/wp-json\/wp\/v2\/users\/4"}],"replies":[{"embeddable":true,"href":"https:\/\/hmg-maschinen.de\/fr\/wp-json\/wp\/v2\/comments?post=2394"}],"version-history":[{"count":14,"href":"https:\/\/hmg-maschinen.de\/fr\/wp-json\/wp\/v2\/pages\/2394\/revisions"}],"predecessor-version":[{"id":3128,"href":"https:\/\/hmg-maschinen.de\/fr\/wp-json\/wp\/v2\/pages\/2394\/revisions\/3128"}],"up":[{"embeddable":true,"href":"https:\/\/hmg-maschinen.de\/fr\/wp-json\/wp\/v2\/pages\/529"}],"wp:attachment":[{"href":"https:\/\/hmg-maschinen.de\/fr\/wp-json\/wp\/v2\/media?parent=2394"}],"curies":[{"name":"wp","href":"https:\/\/api.w.org\/{rel}","templated":true}]}}