{"id":255,"date":"2016-02-01T10:15:43","date_gmt":"2016-02-01T09:15:43","guid":{"rendered":"http:\/\/localhost:8056\/?page_id=255"},"modified":"2018-03-02T10:02:02","modified_gmt":"2018-03-02T09:02:02","slug":"kontaktformular","status":"publish","type":"page","link":"https:\/\/hmg-maschinen.de\/fr\/kontaktformular\/","title":{"rendered":"(DE) Anfrage"},"content":{"rendered":"<p class=\"qtranxs-available-languages-message qtranxs-available-languages-message-fr\">D\u00e9sol\u00e9, cet article est seulement disponible en <a href=\"https:\/\/hmg-maschinen.de\/de\/wp-json\/wp\/v2\/pages\/255\" class=\"qtranxs-available-language-link qtranxs-available-language-link-de\" title=\"DE\">DE<\/a> et <a href=\"https:\/\/hmg-maschinen.de\/en\/wp-json\/wp\/v2\/pages\/255\" class=\"qtranxs-available-language-link qtranxs-available-language-link-en\" title=\"EN\">Anglais Am\u00e9ricain<\/a>.<\/p>","protected":false},"excerpt":{"rendered":"<p>D\u00e9sol\u00e9, cet article est seulement disponible en DE et Anglais Am\u00e9ricain.<\/p>\n","protected":false},"author":11,"featured_media":0,"parent":0,"menu_order":0,"comment_status":"closed","ping_status":"closed","template":"","meta":[],"_links":{"self":[{"href":"https:\/\/hmg-maschinen.de\/fr\/wp-json\/wp\/v2\/pages\/255"}],"collection":[{"href":"https:\/\/hmg-maschinen.de\/fr\/wp-json\/wp\/v2\/pages"}],"about":[{"href":"https:\/\/hmg-maschinen.de\/fr\/wp-json\/wp\/v2\/types\/page"}],"author":[{"embeddable":true,"href":"https:\/\/hmg-maschinen.de\/fr\/wp-json\/wp\/v2\/users\/11"}],"replies":[{"embeddable":true,"href":"https:\/\/hmg-maschinen.de\/fr\/wp-json\/wp\/v2\/comments?post=255"}],"version-history":[{"count":10,"href":"https:\/\/hmg-maschinen.de\/fr\/wp-json\/wp\/v2\/pages\/255\/revisions"}],"predecessor-version":[{"id":3923,"href":"https:\/\/hmg-maschinen.de\/fr\/wp-json\/wp\/v2\/pages\/255\/revisions\/3923"}],"wp:attachment":[{"href":"https:\/\/hmg-maschinen.de\/fr\/wp-json\/wp\/v2\/media?parent=255"}],"curies":[{"name":"wp","href":"https:\/\/api.w.org\/{rel}","templated":true}]}}