{"id":2602,"date":"2016-04-26T17:42:10","date_gmt":"2016-04-26T15:42:10","guid":{"rendered":"http:\/\/hmg-maschinen.de\/wp\/?page_id=2602"},"modified":"2021-04-09T12:59:40","modified_gmt":"2021-04-09T10:59:40","slug":"uebersicht-zubehoer-maschinen","status":"publish","type":"page","link":"https:\/\/hmg-maschinen.de\/fr\/uebersicht-zubehoer-maschinen\/","title":{"rendered":"(DE) \u00dcbersicht Zubeh\u00f6r Maschinen"},"content":{"rendered":"<div id=\"pl-2602\"  class=\"panel-layout\" ><div id=\"pg-2602-0\"  class=\"panel-grid panel-no-style\" ><div id=\"pgc-2602-0-0\"  class=\"panel-grid-cell\" ><div class=\"cat panel-cell-style panel-cell-style-for-2602-0-0\" ><div id=\"panel-2602-0-0-0\" class=\"so-panel widget widget_sow-editor panel-first-child panel-last-child\" data-index=\"0\" ><div class=\"so-widget-sow-editor so-widget-sow-editor-base\">\n<div class=\"siteorigin-widget-tinymce textwidget\">\n\t<p>(DE) <\/p>\n<p><a href=\"\/uebersicht-zubehoer-kreissaegen\/\">Zubeh\u00f6r Kreiss\u00e4gen<\/a><\/p>\n<p><a href=\"https:\/\/hmg-maschinen.de\/uebersicht-zubehoer-kreissaegen\/\"><img loading=\"lazy\" class=\"alignnone wp-image-5564 size-full\" src=\"https:\/\/hmg-maschinen.de\/wp-content\/uploads\/2021\/04\/Produktkatekorie_Kreissaegen_Zubehoer_2.jpg\" alt=\"\" width=\"420\" height=\"168\" srcset=\"https:\/\/hmg-maschinen.de\/wp-content\/uploads\/2021\/04\/Produktkatekorie_Kreissaegen_Zubehoer_2.jpg 420w, https:\/\/hmg-maschinen.de\/wp-content\/uploads\/2021\/04\/Produktkatekorie_Kreissaegen_Zubehoer_2-300x120.jpg 300w\" sizes=\"(max-width: 420px) 100vw, 420px\" \/><\/a><\/p>\n<\/div>\n<\/div><\/div><\/div><\/div><div id=\"pgc-2602-0-1\"  class=\"panel-grid-cell\" ><div class=\"cat panel-cell-style panel-cell-style-for-2602-0-1\" ><div id=\"panel-2602-0-1-0\" class=\"so-panel widget widget_sow-editor panel-first-child panel-last-child\" data-index=\"1\" ><div class=\"so-widget-sow-editor so-widget-sow-editor-base\">\n<div class=\"siteorigin-widget-tinymce textwidget\">\n\t<p>(DE) <\/p>\n<p><a href=\"\/produkte\/produkte\/holzspalter\/zubehoer-fuer-holzspalter\/\">Zubeh\u00f6r Holzspalter<\/a><\/p>\n<p><a href=\"https:\/\/hmg-maschinen.de\/produkte\/produkte\/holzspalter\/zubehoer-fuer-holzspalter\/\"><img loading=\"lazy\" class=\"alignnone wp-image-5574 size-full\" src=\"https:\/\/hmg-maschinen.de\/wp-content\/uploads\/2021\/04\/Produktkatekorie_Holzspalter_7-11t_Zubehoer.jpg\" alt=\"\" width=\"420\" height=\"168\" srcset=\"https:\/\/hmg-maschinen.de\/wp-content\/uploads\/2021\/04\/Produktkatekorie_Holzspalter_7-11t_Zubehoer.jpg 420w, https:\/\/hmg-maschinen.de\/wp-content\/uploads\/2021\/04\/Produktkatekorie_Holzspalter_7-11t_Zubehoer-300x120.jpg 300w\" sizes=\"(max-width: 420px) 100vw, 420px\" \/><\/a><\/p>\n<\/div>\n<\/div><\/div><\/div><\/div><\/div><div id=\"pg-2602-1\"  class=\"panel-grid panel-no-style\" ><div id=\"pgc-2602-1-0\"  class=\"panel-grid-cell\" ><div class=\"cat panel-cell-style panel-cell-style-for-2602-1-0\" ><div id=\"panel-2602-1-0-0\" class=\"so-panel widget widget_sow-editor panel-first-child panel-last-child\" data-index=\"2\" ><div class=\"so-widget-sow-editor so-widget-sow-editor-base\">\n<div class=\"siteorigin-widget-tinymce textwidget\">\n\t<p>(DE) <\/p>\n<p><a href=\"\/product\/zubehoer-fuer-buendelgeraet\/\">Zubeh\u00f6r Holzb\u00fcndelger\u00e4t BG100<\/a><\/p>\n<p><a href=\"https:\/\/hmg-maschinen.de\/product\/zubehoer-fuer-buendelgeraet\/\"><img loading=\"lazy\" class=\"alignnone wp-image-5738 size-full\" src=\"https:\/\/hmg-maschinen.de\/wp-content\/uploads\/2021\/04\/Produktkatekorie_Zubehoer_BG100.jpg\" alt=\"\" width=\"420\" height=\"168\" srcset=\"https:\/\/hmg-maschinen.de\/wp-content\/uploads\/2021\/04\/Produktkatekorie_Zubehoer_BG100.jpg 420w, https:\/\/hmg-maschinen.de\/wp-content\/uploads\/2021\/04\/Produktkatekorie_Zubehoer_BG100-300x120.jpg 300w\" sizes=\"(max-width: 420px) 100vw, 420px\" \/><\/a><\/p>\n<\/div>\n<\/div><\/div><\/div><\/div><div id=\"pgc-2602-1-1\"  class=\"panel-grid-cell\" ><div class=\"cat panel-cell-style panel-cell-style-for-2602-1-1\" ><div id=\"panel-2602-1-1-0\" class=\"so-panel widget widget_sow-editor panel-first-child panel-last-child\" data-index=\"3\" ><div class=\"so-widget-sow-editor so-widget-sow-editor-base\">\n<div class=\"siteorigin-widget-tinymce textwidget\">\n\t<p>(DE) <\/p>\n<p><a href=\"\/produkte\/kreissaegeblaetter\/\">Kreiss\u00e4gebl\u00e4tter<\/a><\/p>\n<p><a href=\"https:\/\/hmg-maschinen.de\/produkte\/kreissaegeblaetter\/\"><img loading=\"lazy\" class=\"alignnone wp-image-5563 size-full\" src=\"https:\/\/hmg-maschinen.de\/wp-content\/uploads\/2021\/04\/Produktkatekorie_Kreissaegen_Saegeblaetter.jpg\" alt=\"\" width=\"420\" height=\"168\" srcset=\"https:\/\/hmg-maschinen.de\/wp-content\/uploads\/2021\/04\/Produktkatekorie_Kreissaegen_Saegeblaetter.jpg 420w, https:\/\/hmg-maschinen.de\/wp-content\/uploads\/2021\/04\/Produktkatekorie_Kreissaegen_Saegeblaetter-300x120.jpg 300w\" sizes=\"(max-width: 420px) 100vw, 420px\" \/><\/a><\/p>\n<\/div>\n<\/div><\/div><\/div><\/div><\/div><\/div>","protected":false},"excerpt":{"rendered":"<p>(DE) Zubeh\u00f6r Kreiss\u00e4gen (DE) Zubeh\u00f6r Holzspalter (DE) Zubeh\u00f6r Holzb\u00fcndelger\u00e4t BG100 (DE) Kreiss\u00e4gebl\u00e4tter<\/p>\n","protected":false},"author":4,"featured_media":0,"parent":0,"menu_order":0,"comment_status":"closed","ping_status":"closed","template":"","meta":[],"_links":{"self":[{"href":"https:\/\/hmg-maschinen.de\/fr\/wp-json\/wp\/v2\/pages\/2602"}],"collection":[{"href":"https:\/\/hmg-maschinen.de\/fr\/wp-json\/wp\/v2\/pages"}],"about":[{"href":"https:\/\/hmg-maschinen.de\/fr\/wp-json\/wp\/v2\/types\/page"}],"author":[{"embeddable":true,"href":"https:\/\/hmg-maschinen.de\/fr\/wp-json\/wp\/v2\/users\/4"}],"replies":[{"embeddable":true,"href":"https:\/\/hmg-maschinen.de\/fr\/wp-json\/wp\/v2\/comments?post=2602"}],"version-history":[{"count":15,"href":"https:\/\/hmg-maschinen.de\/fr\/wp-json\/wp\/v2\/pages\/2602\/revisions"}],"predecessor-version":[{"id":5739,"href":"https:\/\/hmg-maschinen.de\/fr\/wp-json\/wp\/v2\/pages\/2602\/revisions\/5739"}],"wp:attachment":[{"href":"https:\/\/hmg-maschinen.de\/fr\/wp-json\/wp\/v2\/media?parent=2602"}],"curies":[{"name":"wp","href":"https:\/\/api.w.org\/{rel}","templated":true}]}}