{"id":272,"date":"2016-02-01T14:35:57","date_gmt":"2016-02-01T13:35:57","guid":{"rendered":"http:\/\/localhost:8056\/?page_id=272"},"modified":"2022-03-08T16:54:42","modified_gmt":"2022-03-08T15:54:42","slug":"impressum","status":"publish","type":"page","link":"https:\/\/hmg-maschinen.de\/fr\/impressum\/","title":{"rendered":"Impressum"},"content":{"rendered":"<div id=\"pl-272\"  class=\"panel-layout\" ><div id=\"pg-272-0\"  class=\"panel-grid panel-no-style\" ><div id=\"pgc-272-0-0\"  class=\"panel-grid-cell\" ><div id=\"panel-272-0-0-0\" class=\"so-panel widget widget_sow-editor panel-first-child panel-last-child\" data-index=\"0\" ><div class=\"so-widget-sow-editor so-widget-sow-editor-base\">\n<div class=\"siteorigin-widget-tinymce textwidget\">\n\t<p>(DE) <\/p>\n<p>Anschrift:<br \/>\nHMG GmbH &amp; Co. KG<br \/>\nMaschinenbau<br \/>\nGriesbach<br \/>\nDingolfinger Stra\u00dfe 254<br \/>\n94419 Reisbach (GERMANY)<\/p>\n<p>Durch Beschluss unseres Gemeinderates hat sich am 01.07.2015 unsere Hausnummer von 54 auf 254 ge\u00e4ndert, da in unserem Gemeindebereich Reisbach die Dingolfinger Stra\u00dfe mehrmals vorhanden ist und oft zu Verwechselungen gef\u00fchrt hat!<\/p>\n<p>Kontakt:<br \/>\nTelefon: 0049- (0) 8734-9384-0<br \/>\nTelefax: 0049- (0) 8734-9384-25<\/p>\n<p>E-Mail: info@hmg-maschinen.de<br \/>\nInternet: www.hmg-maschinen.de<\/p>\n<p>Registergericht:<br \/>\nAmtsgericht Landshut, Handelsregister-Nr.: HRA 9026, pers\u00f6nlich haftende Gesellschafterin: HMG Verwaltungs GmbH, Sitz Griesbach, HRB 6515,<\/p>\n<p>Gesch\u00e4ftsf\u00fchrer: Michael Hess<\/p>\n<p>Umsatzsteuer-Indentifikationsnr. gem\u00e4\u00df \u00a727a Umsatzsteuergesetz\u00a0DE 814 182 693<\/p>\n<p>WEEE Reg-Nr.: DE 97908243<\/p>\n<p>Steuernummer oder Bankverbindungen erhalten Sie nur auf schriftliche Anfrage!<\/p>\n<p>Inhaltlich Verantwortlicher gem\u00e4\u00df \u00a7 55 Abs. 2 RStV: Michael Hess<\/p>\n<p>\n<\/div>\n<\/div><\/div><\/div><\/div><\/div>","protected":false},"excerpt":{"rendered":"<p>(DE) Anschrift: HMG GmbH &amp; Co. KG Maschinenbau Griesbach Dingolfinger Stra\u00dfe 254 94419 Reisbach (GERMANY) [&hellip;]<\/p>\n","protected":false},"author":11,"featured_media":0,"parent":0,"menu_order":0,"comment_status":"closed","ping_status":"closed","template":"","meta":[],"_links":{"self":[{"href":"https:\/\/hmg-maschinen.de\/fr\/wp-json\/wp\/v2\/pages\/272"}],"collection":[{"href":"https:\/\/hmg-maschinen.de\/fr\/wp-json\/wp\/v2\/pages"}],"about":[{"href":"https:\/\/hmg-maschinen.de\/fr\/wp-json\/wp\/v2\/types\/page"}],"author":[{"embeddable":true,"href":"https:\/\/hmg-maschinen.de\/fr\/wp-json\/wp\/v2\/users\/11"}],"replies":[{"embeddable":true,"href":"https:\/\/hmg-maschinen.de\/fr\/wp-json\/wp\/v2\/comments?post=272"}],"version-history":[{"count":13,"href":"https:\/\/hmg-maschinen.de\/fr\/wp-json\/wp\/v2\/pages\/272\/revisions"}],"predecessor-version":[{"id":6237,"href":"https:\/\/hmg-maschinen.de\/fr\/wp-json\/wp\/v2\/pages\/272\/revisions\/6237"}],"wp:attachment":[{"href":"https:\/\/hmg-maschinen.de\/fr\/wp-json\/wp\/v2\/media?parent=272"}],"curies":[{"name":"wp","href":"https:\/\/api.w.org\/{rel}","templated":true}]}}