{"id":299,"date":"2016-02-01T16:06:29","date_gmt":"2016-02-01T15:06:29","guid":{"rendered":"http:\/\/localhost:8056\/?page_id=299"},"modified":"2016-04-26T14:51:28","modified_gmt":"2016-04-26T12:51:28","slug":"weltmeister-walter-roehrl","status":"publish","type":"page","link":"https:\/\/hmg-maschinen.de\/fr\/weltmeister-walter-roehrl\/","title":{"rendered":"(DE) Weltmeister Walter R\u00f6hrl"},"content":{"rendered":"<div id=\"pl-299\"  class=\"panel-layout\" ><div id=\"pg-299-0\"  class=\"panel-grid panel-no-style\" ><div id=\"pgc-299-0-0\"  class=\"panel-grid-cell\" ><div id=\"panel-299-0-0-0\" class=\"so-panel widget widget_sow-editor panel-first-child panel-last-child\" data-index=\"0\" ><div class=\"so-widget-sow-editor so-widget-sow-editor-base\">\n<div class=\"siteorigin-widget-tinymce textwidget\">\n\t<p>(DE) <\/p>\n<p class=\"bodytext\">Heizen mit Holz, umweltschonend und wirtschaftlich, eine wohltuende W\u00e4rme bei Kaminholz, daf\u00fcr hat sich auch die Rallyelegende Walter R\u00f6hrl (Rallye-Europameister 1974, Rallye-Weltmeister 1980\/1982,\u00a0Gewinner der Rallye Monte Carlo) entschlossen.<\/p>\n<p class=\"bodytext\">Zur Aufbereitung seines Brennholzes suchte Herr R\u00f6hrl entsprechende Maschinen. Dabei wurde er von einem Bekannten auf die HMG aufmerksam gemacht, der schon seit vielen Jahren sein Brennholz mit HMG Maschinen aufbereitet und der mit der Qualit\u00e4t und Leistungsf\u00e4higkeit der Maschinen sehr zufrieden ist. Nach einem eingehenden Preis- und Qualit\u00e4tsvergleich entschied sich der weltbekannte Rallye-Weltmeister Walter R\u00f6hrl ebenfalls f\u00fcr die Maschinen von HMG.<\/p>\n<p class=\"bodytext\">\u00dcberzeugen auch Sie sich von der Qualit\u00e4t unserer Maschinen!<\/p>\n<p>\n<\/div>\n<\/div><\/div><\/div><\/div><div id=\"pg-299-1\"  class=\"panel-grid panel-no-style\" ><div id=\"pgc-299-1-0\"  class=\"panel-grid-cell\" ><div id=\"panel-299-1-0-0\" class=\"so-panel widget widget_sow-image panel-first-child panel-last-child\" data-index=\"1\" ><div class=\"so-widget-sow-image so-widget-sow-image-default-2ec334f0a340\">\n\n<div class=\"sow-image-container\">\n\t<img src=\"https:\/\/hmg-maschinen.de\/wp-content\/uploads\/2016\/02\/csm_roehrl.jpg\" width=\"200\" height=\"251\" sizes=\"(max-width: 200px) 100vw, 200px\" alt=\"\" \t\tclass=\"so-widget-image\"\/>\n<\/div>\n\n<\/div><\/div><\/div><div id=\"pgc-299-1-1\"  class=\"panel-grid-cell\" ><div id=\"panel-299-1-1-0\" class=\"so-panel widget widget_sow-image panel-first-child panel-last-child\" data-index=\"2\" ><div class=\"so-widget-sow-image so-widget-sow-image-default-a5258576d588\">\n\n<div class=\"sow-image-container\">\n\t<img src=\"https:\/\/hmg-maschinen.de\/wp-content\/uploads\/2016\/02\/csm_roehrl_audi.jpg\" width=\"200\" height=\"251\" sizes=\"(max-width: 200px) 100vw, 200px\" alt=\"\" \t\tclass=\"so-widget-image\"\/>\n<\/div>\n\n<\/div><\/div><\/div><\/div><div id=\"pg-299-2\"  class=\"panel-grid panel-no-style\" ><div id=\"pgc-299-2-0\"  class=\"panel-grid-cell\" ><div id=\"panel-299-2-0-0\" class=\"so-panel widget widget_sow-image panel-first-child panel-last-child\" data-index=\"3\" ><div class=\"so-widget-sow-image so-widget-sow-image-default-2ec334f0a340\">\n\n<div class=\"sow-image-container\">\n\t<img src=\"https:\/\/hmg-maschinen.de\/wp-content\/uploads\/2016\/02\/Bsb_Walter_R\u00f6hrl_15_2.jpg\" width=\"200\" height=\"300\" sizes=\"(max-width: 200px) 100vw, 200px\" alt=\"\" \t\tclass=\"so-widget-image\"\/>\n<\/div>\n\n<\/div><\/div><\/div><div id=\"pgc-299-2-1\"  class=\"panel-grid-cell\" ><div id=\"panel-299-2-1-0\" class=\"so-panel widget widget_sow-image panel-first-child panel-last-child\" data-index=\"4\" ><div class=\"so-widget-sow-image so-widget-sow-image-default-a5258576d588\">\n\n<div class=\"sow-image-container\">\n\t<img src=\"https:\/\/hmg-maschinen.de\/wp-content\/uploads\/2016\/02\/Bsb_Walter_R\u00f6hrl_15.jpg\" width=\"200\" height=\"300\" sizes=\"(max-width: 200px) 100vw, 200px\" alt=\"\" \t\tclass=\"so-widget-image\"\/>\n<\/div>\n\n<\/div><\/div><\/div><\/div><\/div>","protected":false},"excerpt":{"rendered":"<p>(DE) Heizen mit Holz, umweltschonend und wirtschaftlich, eine wohltuende W\u00e4rme bei Kaminholz, daf\u00fcr hat sich [&hellip;]<\/p>\n","protected":false},"author":11,"featured_media":0,"parent":0,"menu_order":0,"comment_status":"closed","ping_status":"closed","template":"","meta":[],"_links":{"self":[{"href":"https:\/\/hmg-maschinen.de\/fr\/wp-json\/wp\/v2\/pages\/299"}],"collection":[{"href":"https:\/\/hmg-maschinen.de\/fr\/wp-json\/wp\/v2\/pages"}],"about":[{"href":"https:\/\/hmg-maschinen.de\/fr\/wp-json\/wp\/v2\/types\/page"}],"author":[{"embeddable":true,"href":"https:\/\/hmg-maschinen.de\/fr\/wp-json\/wp\/v2\/users\/11"}],"replies":[{"embeddable":true,"href":"https:\/\/hmg-maschinen.de\/fr\/wp-json\/wp\/v2\/comments?post=299"}],"version-history":[{"count":9,"href":"https:\/\/hmg-maschinen.de\/fr\/wp-json\/wp\/v2\/pages\/299\/revisions"}],"predecessor-version":[{"id":2570,"href":"https:\/\/hmg-maschinen.de\/fr\/wp-json\/wp\/v2\/pages\/299\/revisions\/2570"}],"wp:attachment":[{"href":"https:\/\/hmg-maschinen.de\/fr\/wp-json\/wp\/v2\/media?parent=299"}],"curies":[{"name":"wp","href":"https:\/\/api.w.org\/{rel}","templated":true}]}}