{"id":312,"date":"2016-02-01T16:36:23","date_gmt":"2016-02-01T15:36:23","guid":{"rendered":"http:\/\/localhost:8056\/?page_id=312"},"modified":"2022-03-08T16:16:37","modified_gmt":"2022-03-08T15:16:37","slug":"hauptsitz","status":"publish","type":"page","link":"https:\/\/hmg-maschinen.de\/fr\/hauptsitz\/","title":{"rendered":"(DE) Hauptsitz"},"content":{"rendered":"<div id=\"pl-312\"  class=\"panel-layout\" ><div id=\"pg-312-0\"  class=\"panel-grid panel-no-style\" ><div id=\"pgc-312-0-0\"  class=\"panel-grid-cell\" ><div id=\"panel-312-0-0-0\" class=\"so-panel widget widget_sow-editor panel-first-child panel-last-child\" data-index=\"0\" ><div class=\"so-widget-sow-editor so-widget-sow-editor-base\">\n<div class=\"siteorigin-widget-tinymce textwidget\">\n\t<p>(DE) <\/p>\n<p>Unser Hauptsitz -94419 Reisbach, Ortsteil Griesbach- liegt in Niederbayern, ca. 100 km \u00f6stlich von M\u00fcnchen. \u00dcber die Seite \"Anfahrt\" k\u00f6nnen Sie unseren Standort genau ermitteln!<\/p>\n<p>\n<\/div>\n<\/div><\/div><\/div><\/div><div id=\"pg-312-1\"  class=\"panel-grid panel-no-style\" ><div id=\"pgc-312-1-0\"  class=\"panel-grid-cell\" ><div id=\"panel-312-1-0-0\" class=\"so-panel widget widget_sow-editor panel-first-child panel-last-child\" data-index=\"1\" ><div class=\"so-widget-sow-editor so-widget-sow-editor-base\"><h3 class=\"widget-title\">(DE) Unsere Hausanschrift<\/h3>\n<div class=\"siteorigin-widget-tinymce textwidget\">\n\t<p>(DE) <\/p>\n<p>HMG GmbH &amp; Co. KG<br \/>\nMaschinenbau<br \/>\nGriesbach<br \/>\nDingolfinger Stra\u00dfe 254<br \/>\n94419 Reisbach (GERMANY)<\/p>\n<p>\n<\/div>\n<\/div><\/div><\/div><div id=\"pgc-312-1-1\"  class=\"panel-grid-cell\" ><div id=\"panel-312-1-1-0\" class=\"so-panel widget widget_sow-editor panel-first-child panel-last-child\" data-index=\"2\" ><div class=\"so-widget-sow-editor so-widget-sow-editor-base\"><h3 class=\"widget-title\">(DE) Kontakt<\/h3>\n<div class=\"siteorigin-widget-tinymce textwidget\">\n\t<p>(DE) <\/p>\n<p>Telefon: 0049- (0) 8734-9384-0<br \/> Telefax: 0049- (0) 8734-9384-25<\/p>\n<p>E-Mail: <a href=\"mailto:info@hmg-maschinen.de\">info@hmg-maschinen.de<\/a><br \/> Internet: <a href=\"http:\/\/www.hmg-maschinen.de\">www.hmg-maschinen.de<\/a><\/p>\n<p>\n<\/div>\n<\/div><\/div><\/div><\/div><div id=\"pg-312-2\"  class=\"panel-grid panel-no-style\" ><div id=\"pgc-312-2-0\"  class=\"panel-grid-cell\" ><div id=\"panel-312-2-0-0\" class=\"so-panel widget widget_sow-editor panel-first-child panel-last-child\" data-index=\"3\" ><div class=\"so-widget-sow-editor so-widget-sow-editor-base\">\n<div class=\"siteorigin-widget-tinymce textwidget\">\n\t<p>(DE) <\/p>\n<p>Durch Beschluss unseres Gemeinderates hat sich am 01.07.2015 unsere Hausnummer von 54 auf 254 ge\u00e4ndert! In unserem Gemeindebereich Reisbach ist die Dingolfinger Stra\u00dfe mit gleicher Hausnummer mehrmals vorhanden, dies oft zu Verwechselungen gef\u00fchrt hat!<\/p>\n<p>\n<\/div>\n<\/div><\/div><\/div><\/div><\/div>","protected":false},"excerpt":{"rendered":"<p>(DE) Unser Hauptsitz -94419 Reisbach, Ortsteil Griesbach- liegt in Niederbayern, ca. 100 km \u00f6stlich von [&hellip;]<\/p>\n","protected":false},"author":11,"featured_media":0,"parent":0,"menu_order":0,"comment_status":"closed","ping_status":"closed","template":"","meta":[],"_links":{"self":[{"href":"https:\/\/hmg-maschinen.de\/fr\/wp-json\/wp\/v2\/pages\/312"}],"collection":[{"href":"https:\/\/hmg-maschinen.de\/fr\/wp-json\/wp\/v2\/pages"}],"about":[{"href":"https:\/\/hmg-maschinen.de\/fr\/wp-json\/wp\/v2\/types\/page"}],"author":[{"embeddable":true,"href":"https:\/\/hmg-maschinen.de\/fr\/wp-json\/wp\/v2\/users\/11"}],"replies":[{"embeddable":true,"href":"https:\/\/hmg-maschinen.de\/fr\/wp-json\/wp\/v2\/comments?post=312"}],"version-history":[{"count":14,"href":"https:\/\/hmg-maschinen.de\/fr\/wp-json\/wp\/v2\/pages\/312\/revisions"}],"predecessor-version":[{"id":6226,"href":"https:\/\/hmg-maschinen.de\/fr\/wp-json\/wp\/v2\/pages\/312\/revisions\/6226"}],"wp:attachment":[{"href":"https:\/\/hmg-maschinen.de\/fr\/wp-json\/wp\/v2\/media?parent=312"}],"curies":[{"name":"wp","href":"https:\/\/api.w.org\/{rel}","templated":true}]}}