{"id":48,"date":"2015-12-07T19:57:06","date_gmt":"2015-12-07T18:57:06","guid":{"rendered":"http:\/\/localhost:8056\/?page_id=48"},"modified":"2017-09-20T16:52:22","modified_gmt":"2017-09-20T14:52:22","slug":"meldungen","status":"publish","type":"page","link":"https:\/\/hmg-maschinen.de\/fr\/meldungen\/","title":{"rendered":"Meldungen"},"content":{"rendered":"<div id=\"pl-48\"  class=\"panel-layout\" ><div id=\"pg-48-0\"  class=\"panel-grid panel-no-style\" ><div id=\"pgc-48-0-0\"  class=\"panel-grid-cell\" ><div id=\"panel-48-0-0-0\" class=\"so-panel widget widget_hmg_news_widget panel-first-child panel-last-child\" data-index=\"0\" ><div class=\"panel-widget-style panel-widget-style-for-48-0-0-0\" ><div class=\"row\"><div class=\"col-md-4 tac\"><img width=\"300\" height=\"231\" src=\"https:\/\/hmg-maschinen.de\/wp-content\/uploads\/2021\/06\/BB_WorldTools_21.jpg\" class=\"attachment-post-thumbnail size-post-thumbnail wp-post-image\" alt=\"\" loading=\"lazy\" \/><\/div><div class=\"col-md-8\"><p class=\"qtranxs-available-languages-message qtranxs-available-languages-message-fr\">D\u00e9sol\u00e9, cet article est seulement disponible en <a href=\"https:\/\/hmg-maschinen.de\/de\/wp-json\/wp\/v2\/pages\/48\" class=\"qtranxs-available-language-link qtranxs-available-language-link-de\" title=\"DE\">DE<\/a> et <a href=\"https:\/\/hmg-maschinen.de\/en\/wp-json\/wp\/v2\/pages\/48\" class=\"qtranxs-available-language-link qtranxs-available-language-link-en\" title=\"EN\">Anglais Am\u00e9ricain<\/a>.<\/p><\/div><\/div><hr><div class=\"row\"><div class=\"col-md-4 tac\"><img width=\"250\" height=\"79\" src=\"https:\/\/hmg-maschinen.de\/wp-content\/uploads\/2020\/12\/Test_Motor-Maschine_HSP13M-DZ_02-2020_250x79.jpg\" class=\"attachment-post-thumbnail size-post-thumbnail wp-post-image\" alt=\"\" loading=\"lazy\" \/><\/div><div class=\"col-md-8\"><p class=\"qtranxs-available-languages-message qtranxs-available-languages-message-fr\">D\u00e9sol\u00e9, cet article est seulement disponible en <a href=\"https:\/\/hmg-maschinen.de\/de\/wp-json\/wp\/v2\/pages\/48\" class=\"qtranxs-available-language-link qtranxs-available-language-link-de\" title=\"DE\">DE<\/a> et <a href=\"https:\/\/hmg-maschinen.de\/en\/wp-json\/wp\/v2\/pages\/48\" class=\"qtranxs-available-language-link qtranxs-available-language-link-en\" title=\"EN\">Anglais Am\u00e9ricain<\/a>.<\/p><\/div><\/div><hr><div class=\"row\"><div class=\"col-md-4 tac\"><img width=\"250\" height=\"73\" src=\"https:\/\/hmg-maschinen.de\/wp-content\/uploads\/2020\/12\/Test_Heimwerker_Praxis_WE7-8_05-2020_250x73.jpg\" class=\"attachment-post-thumbnail size-post-thumbnail wp-post-image\" alt=\"\" loading=\"lazy\" \/><\/div><div class=\"col-md-8\"><p class=\"qtranxs-available-languages-message qtranxs-available-languages-message-fr\">D\u00e9sol\u00e9, cet article est seulement disponible en <a href=\"https:\/\/hmg-maschinen.de\/de\/wp-json\/wp\/v2\/pages\/48\" class=\"qtranxs-available-language-link qtranxs-available-language-link-de\" title=\"DE\">DE<\/a> et <a href=\"https:\/\/hmg-maschinen.de\/en\/wp-json\/wp\/v2\/pages\/48\" class=\"qtranxs-available-language-link qtranxs-available-language-link-en\" title=\"EN\">Anglais Am\u00e9ricain<\/a>.<\/p><\/div><\/div><hr><div class=\"row\"><div class=\"col-md-4 tac\"><img width=\"300\" height=\"231\" src=\"https:\/\/hmg-maschinen.de\/wp-content\/uploads\/2018\/12\/BBN_Eishockey_18.jpg\" class=\"attachment-post-thumbnail size-post-thumbnail wp-post-image\" alt=\"\" loading=\"lazy\" \/><\/div><div class=\"col-md-8\"><p class=\"qtranxs-available-languages-message qtranxs-available-languages-message-fr\">D\u00e9sol\u00e9, cet article est seulement disponible en <a href=\"https:\/\/hmg-maschinen.de\/de\/wp-json\/wp\/v2\/pages\/48\" class=\"qtranxs-available-language-link qtranxs-available-language-link-de\" title=\"DE\">DE<\/a> et <a href=\"https:\/\/hmg-maschinen.de\/en\/wp-json\/wp\/v2\/pages\/48\" class=\"qtranxs-available-language-link qtranxs-available-language-link-en\" title=\"EN\">Anglais Am\u00e9ricain<\/a>.<\/p><\/div><\/div><hr><div class=\"row\"><div class=\"col-md-4 tac\"><img width=\"250\" height=\"104\" src=\"https:\/\/hmg-maschinen.de\/wp-content\/uploads\/2016\/09\/HMGHSP18ML-DZ124SHw.jpg\" class=\"attachment-post-thumbnail size-post-thumbnail wp-post-image\" alt=\"\" loading=\"lazy\" \/><\/div><div class=\"col-md-8\"><p class=\"qtranxs-available-languages-message qtranxs-available-languages-message-fr\">D\u00e9sol\u00e9, cet article est seulement disponible en <a href=\"https:\/\/hmg-maschinen.de\/de\/wp-json\/wp\/v2\/pages\/48\" class=\"qtranxs-available-language-link qtranxs-available-language-link-de\" title=\"DE\">DE<\/a> et <a href=\"https:\/\/hmg-maschinen.de\/en\/wp-json\/wp\/v2\/pages\/48\" class=\"qtranxs-available-language-link qtranxs-available-language-link-en\" title=\"EN\">Anglais Am\u00e9ricain<\/a>.<\/p><\/div><\/div><hr><div class=\"row\"><div class=\"col-md-4 tac\"><img width=\"250\" height=\"375\" src=\"https:\/\/hmg-maschinen.de\/wp-content\/uploads\/2016\/03\/Bmb_Michael_Hess_Walter_R\u00f6hrl.jpg\" class=\"attachment-post-thumbnail size-post-thumbnail wp-post-image\" alt=\"\" loading=\"lazy\" srcset=\"https:\/\/hmg-maschinen.de\/wp-content\/uploads\/2016\/03\/Bmb_Michael_Hess_Walter_R\u00f6hrl.jpg 250w, https:\/\/hmg-maschinen.de\/wp-content\/uploads\/2016\/03\/Bmb_Michael_Hess_Walter_R\u00f6hrl-200x300.jpg 200w\" sizes=\"(max-width: 250px) 100vw, 250px\" \/><\/div><div class=\"col-md-8\"><p class=\"qtranxs-available-languages-message qtranxs-available-languages-message-fr\">D\u00e9sol\u00e9, cet article est seulement disponible en <a href=\"https:\/\/hmg-maschinen.de\/de\/wp-json\/wp\/v2\/pages\/48\" class=\"qtranxs-available-language-link qtranxs-available-language-link-de\" title=\"DE\">DE<\/a> et <a href=\"https:\/\/hmg-maschinen.de\/en\/wp-json\/wp\/v2\/pages\/48\" class=\"qtranxs-available-language-link qtranxs-available-language-link-en\" title=\"EN\">Anglais Am\u00e9ricain<\/a>.<\/p><\/div><\/div><hr><div class=\"row\"><div class=\"col-md-4 tac\"><img width=\"250\" height=\"100\" src=\"https:\/\/hmg-maschinen.de\/wp-content\/uploads\/2016\/03\/ZB_WSK75-Heimw_15.jpg\" class=\"attachment-post-thumbnail size-post-thumbnail wp-post-image\" alt=\"\" loading=\"lazy\" \/><\/div><div class=\"col-md-8\"><p class=\"qtranxs-available-languages-message qtranxs-available-languages-message-fr\">D\u00e9sol\u00e9, cet article est seulement disponible en <a href=\"https:\/\/hmg-maschinen.de\/de\/wp-json\/wp\/v2\/pages\/48\" class=\"qtranxs-available-language-link qtranxs-available-language-link-de\" title=\"DE\">DE<\/a> et <a href=\"https:\/\/hmg-maschinen.de\/en\/wp-json\/wp\/v2\/pages\/48\" class=\"qtranxs-available-language-link qtranxs-available-language-link-en\" title=\"EN\">Anglais Am\u00e9ricain<\/a>.<\/p><\/div><\/div><hr><div class=\"row\"><div class=\"col-md-4 tac\"><img width=\"250\" height=\"357\" src=\"https:\/\/hmg-maschinen.de\/wp-content\/uploads\/2016\/03\/Bmb_Quadwelt.jpg\" class=\"attachment-post-thumbnail size-post-thumbnail wp-post-image\" alt=\"\" loading=\"lazy\" srcset=\"https:\/\/hmg-maschinen.de\/wp-content\/uploads\/2016\/03\/Bmb_Quadwelt.jpg 250w, https:\/\/hmg-maschinen.de\/wp-content\/uploads\/2016\/03\/Bmb_Quadwelt-210x300.jpg 210w\" sizes=\"(max-width: 250px) 100vw, 250px\" \/><\/div><div class=\"col-md-8\"><p class=\"qtranxs-available-languages-message qtranxs-available-languages-message-fr\">D\u00e9sol\u00e9, cet article est seulement disponible en <a href=\"https:\/\/hmg-maschinen.de\/de\/wp-json\/wp\/v2\/pages\/48\" class=\"qtranxs-available-language-link qtranxs-available-language-link-de\" title=\"DE\">DE<\/a> et <a href=\"https:\/\/hmg-maschinen.de\/en\/wp-json\/wp\/v2\/pages\/48\" class=\"qtranxs-available-language-link qtranxs-available-language-link-en\" title=\"EN\">Anglais Am\u00e9ricain<\/a>.<\/p><\/div><\/div><hr><div class=\"row\"><div class=\"col-md-4 tac\"><img width=\"250\" height=\"100\" src=\"https:\/\/hmg-maschinen.de\/wp-content\/uploads\/2016\/03\/ZB100_HSP10M_Besto_16.jpg\" class=\"attachment-post-thumbnail size-post-thumbnail wp-post-image\" alt=\"\" loading=\"lazy\" \/><\/div><div class=\"col-md-8\"><p class=\"qtranxs-available-languages-message qtranxs-available-languages-message-fr\">D\u00e9sol\u00e9, cet article est seulement disponible en <a href=\"https:\/\/hmg-maschinen.de\/de\/wp-json\/wp\/v2\/pages\/48\" class=\"qtranxs-available-language-link qtranxs-available-language-link-de\" title=\"DE\">DE<\/a> et <a href=\"https:\/\/hmg-maschinen.de\/en\/wp-json\/wp\/v2\/pages\/48\" class=\"qtranxs-available-language-link qtranxs-available-language-link-en\" title=\"EN\">Anglais Am\u00e9ricain<\/a>.<\/p><\/div><\/div><\/div><\/div><\/div><\/div><\/div>","protected":false},"excerpt":{"rendered":"<p>Neue Trainingsanz\u00fcge Neue Trainingsanz\u00fcge f\u00fcr die Jugend des TC 78 Griesbach gesponsert! Michael Hess Michael [&hellip;]<\/p>\n","protected":false},"author":11,"featured_media":0,"parent":0,"menu_order":0,"comment_status":"closed","ping_status":"closed","template":"","meta":[],"_links":{"self":[{"href":"https:\/\/hmg-maschinen.de\/fr\/wp-json\/wp\/v2\/pages\/48"}],"collection":[{"href":"https:\/\/hmg-maschinen.de\/fr\/wp-json\/wp\/v2\/pages"}],"about":[{"href":"https:\/\/hmg-maschinen.de\/fr\/wp-json\/wp\/v2\/types\/page"}],"author":[{"embeddable":true,"href":"https:\/\/hmg-maschinen.de\/fr\/wp-json\/wp\/v2\/users\/11"}],"replies":[{"embeddable":true,"href":"https:\/\/hmg-maschinen.de\/fr\/wp-json\/wp\/v2\/comments?post=48"}],"version-history":[{"count":10,"href":"https:\/\/hmg-maschinen.de\/fr\/wp-json\/wp\/v2\/pages\/48\/revisions"}],"predecessor-version":[{"id":3728,"href":"https:\/\/hmg-maschinen.de\/fr\/wp-json\/wp\/v2\/pages\/48\/revisions\/3728"}],"wp:attachment":[{"href":"https:\/\/hmg-maschinen.de\/fr\/wp-json\/wp\/v2\/media?parent=48"}],"curies":[{"name":"wp","href":"https:\/\/api.w.org\/{rel}","templated":true}]}}