{"id":63,"date":"2015-12-08T16:06:54","date_gmt":"2015-12-08T15:06:54","guid":{"rendered":"http:\/\/localhost:8056\/?page_id=63"},"modified":"2026-03-13T12:07:26","modified_gmt":"2026-03-13T11:07:26","slug":"ausstellungen","status":"publish","type":"page","link":"https:\/\/hmg-maschinen.de\/fr\/ausstellungen\/","title":{"rendered":"(DE) Ausstellungen"},"content":{"rendered":"<div id=\"pl-63\"  class=\"panel-layout\" ><div id=\"pg-63-0\"  class=\"panel-grid panel-no-style\" ><div id=\"pgc-63-0-0\"  class=\"panel-grid-cell\"  data-weight=\"1\" ><div id=\"panel-63-0-0-0\" class=\"so-panel widget widget_sow-editor panel-first-child panel-last-child\" data-index=\"0\" data-style=\"{&quot;background_image_attachment&quot;:false,&quot;background_display&quot;:&quot;tile&quot;}\" ><div class=\"so-widget-sow-editor so-widget-sow-editor-base\">\r\n<div class=\"siteorigin-widget-tinymce textwidget\">\r\n\t<div class=\"siteorigin-widget-tinymce textwidget\">Auf nationale und internationale Ausstellungen pr\u00e4sentieren wir unsere Produkte und Neuheiten.<\/div>\r\n<div><\/div>\r\n<div class=\"siteorigin-widget-tinymce textwidget\"><em>Bitte beachten Sie, dass aufgrund der Pandemie Veranstaltungen verschoben oder abgesagt werden k\u00f6nnen. Zum Schutz unserer Kunden und Mitarbeiter nehmen wir nur an Ausstellungen teil, wo wir unsere Produkte im Freigel\u00e4nde pr\u00e4sentieren k\u00f6nnen!<\/em><\/div>\r\n<div><\/div>\r\n<div class=\"siteorigin-widget-tinymce textwidget\">\r\n\r\n<!-- \/wp:paragraph --><!-- \/wp:paragraph --> <!-- wp:paragraph {\"className\":\"timelinetext\"} -->\r\n<p class=\"timelinetext\"><span style=\"color: #33cccc;\">In D-87463 Dietmannsried<\/span>, Agrar Schau Allg\u00e4u 07.04. \u2013 11.04.2022, Freigel\u00e4nde B515 bei Fa. K\u00f6gl\r\nGro\u00dfe Agrarausstellung mit Fr\u00fchlingsfest in Dietmannsried im Oberallg\u00e4u. Es erwarten Sie wieder regionale und internationale Aussteller auf \u00fcber 7 Hektar Ausstellungsfl\u00e4che.<\/p>\r\n<!-- wp:paragraph {\"className\":\"timelinetext\"} --><!-- \/wp:paragraph --> <!-- wp:paragraph {\"className\":\"timelinetext\"} -->\r\n<p class=\"timelinetext\"><span style=\"color: #33cccc;\">In D-77656 Offenburg<\/span>, Forst Live 29.04. \u2013 01.05.2022, Freigel\u00e4nde, internationale Demo-Show f\u00fcr Forsttechnik, Erneuerbare Energien und Outdoor im S\u00fcdwesten Deutschlands.<\/p>\r\n<!-- \/wp:paragraph --> <!-- wp:paragraph {\"className\":\"timelinetext\"} -->\r\n<p class=\"timelinetext\"><span style=\"color: #33cccc;\">In D-87439 Kempten<\/span>, Allg\u00e4uer Festwoche 13.08. \u2013 21.08.2022, Freigel\u00e4nde vor Halle 6 bei Fa. K\u00f6gl\r\nDie Messe Allg\u00e4uer Festwoche in Kempten ist eine Wirtschaftsausstellung, Kulturfestival &amp; Sportfest.<\/p>\r\n<!-- \/wp:paragraph --> <!-- wp:paragraph {\"className\":\"timelinetext\"} -->\r\n<p class=\"timelinetext\"><span style=\"color: #33cccc;\">In D-94315 Straubing<\/span>, Ostbayernschau 13.08. \u2013 21.08.2022, Freigel\u00e4nde FG 44\r\nDie Ostbayernschau ist die gr\u00f6\u00dfte Verbraucherausstellung der Region. Die Kombination aus Volksfest und Messe ist in Deutschland einmalig.<\/p>\r\n<!-- \/wp:paragraph --> <!-- wp:paragraph {\"className\":\"timelinetext\"} -->\r\n<p class=\"timelinetext\"><span style=\"color: #33cccc;\">In D-94086 Karpfham<\/span>, Rottal-Schau 02.09. \u2013 06.09.2022, Freigel\u00e4nde Block G\r\nDie Rottalschau l\u00e4uft jeweils zeitgleich mit dem Karpfhamer Fest vom Freitag bis zum Dienstag.\r\nW\u00e4hrend der Name noch auf eine lokale Ausstellung schlie\u00dfen l\u00e4sst, hat sich die Rottalschau inzwischen zu einer der bedeutendsten Landtechnik-Messen Deutschlands entwickelt.<\/p>\r\n<!-- \/wp:paragraph --> <!-- wp:paragraph {\"className\":\"timelinetext\"} -->\r\n<p class=\"timelinetext\"><span style=\"color: #33cccc;\">In D-88212 Ravensburg<\/span>, Oberschwabenschau 15.10. \u2013 23.10.2022, Freigel\u00e4nde\r\nDie Messe ist die gr\u00f6\u00dfte Verbraucher- und Landwirtschaftsmesse im S\u00fcdwesten.<\/p>\r\n<!-- wp:paragraph --> <img class=\"so-widget-image\" alt=\"\" \/>\u00a0<img class=\"so-widget-image\" alt=\"\" \/>\u00a0<img class=\"so-widget-image\" alt=\"\" \/>\u00a0<img class=\"so-widget-image\" alt=\"\" \/> <!-- \/wp:paragraph -->\r\n\r\n<\/div><\/div>\r\n<\/div><\/div><\/div><\/div><\/div>","protected":false},"excerpt":{"rendered":"<p>Auf nationale und internationale Ausstellungen pr\u00e4sentieren wir unsere Produkte und Neuheiten. Bitte beachten Sie, dass [&hellip;]<\/p>\n","protected":false},"author":11,"featured_media":0,"parent":0,"menu_order":0,"comment_status":"closed","ping_status":"closed","template":"","meta":[],"_links":{"self":[{"href":"https:\/\/hmg-maschinen.de\/fr\/wp-json\/wp\/v2\/pages\/63"}],"collection":[{"href":"https:\/\/hmg-maschinen.de\/fr\/wp-json\/wp\/v2\/pages"}],"about":[{"href":"https:\/\/hmg-maschinen.de\/fr\/wp-json\/wp\/v2\/types\/page"}],"author":[{"embeddable":true,"href":"https:\/\/hmg-maschinen.de\/fr\/wp-json\/wp\/v2\/users\/11"}],"replies":[{"embeddable":true,"href":"https:\/\/hmg-maschinen.de\/fr\/wp-json\/wp\/v2\/comments?post=63"}],"version-history":[{"count":137,"href":"https:\/\/hmg-maschinen.de\/fr\/wp-json\/wp\/v2\/pages\/63\/revisions"}],"predecessor-version":[{"id":6782,"href":"https:\/\/hmg-maschinen.de\/fr\/wp-json\/wp\/v2\/pages\/63\/revisions\/6782"}],"wp:attachment":[{"href":"https:\/\/hmg-maschinen.de\/fr\/wp-json\/wp\/v2\/media?parent=63"}],"curies":[{"name":"wp","href":"https:\/\/api.w.org\/{rel}","templated":true}]}}